{"id":16,"date":"2024-02-26T13:12:53","date_gmt":"2024-02-26T13:12:53","guid":{"rendered":"https:\/\/www.radikaali.fi\/?page_id=16"},"modified":"2026-02-21T12:36:25","modified_gmt":"2026-02-21T10:36:25","slug":"etusivu","status":"publish","type":"page","link":"https:\/\/www.radikaali.fi\/en\/","title":{"rendered":"Tervetuloa!"},"content":{"rendered":"<p><\/p>\n\n\n\n<p><\/p>\n\n\n\n<p>Ajankohtaista asiaa:<\/p>\n\n\n\n<ul class=\"wp-block-list\">\n<li>Radikaalin<mark style=\"background-color:rgba(0, 0, 0, 0)\" class=\"has-inline-color has-vivid-cyan-blue-color\">&nbsp;<\/mark><a href=\"https:\/\/forms.gle\/D56pJTzzM4CRiTRz9\"><mark style=\"background-color:rgba(0, 0, 0, 0)\" class=\"has-inline-color has-vivid-cyan-blue-color\">&gt;&gt;PALAUTEBOKSI&lt;&lt;<\/mark><\/a>\n<ul class=\"wp-block-list\">\n<li>Uusin Ruisku 2\/2025 l\u00f6ytyy <a href=\"https:\/\/www.radikaali.fi\/en\/ruisku-2-25\/\" data-type=\"link\" data-id=\"https:\/\/www.radikaali.fi\/ruisku-2-24\/\"><mark style=\"background-color:rgba(0, 0, 0, 0)\" class=\"has-inline-color has-vivid-cyan-blue-color\">t\u00e4\u00e4lt\u00e4<\/mark><\/a>.<\/li>\n\n\n\n<li>Radikaalit s\u00e4\u00e4nn\u00f6t l\u00f6ytyy <a href=\"https:\/\/www.radikaali.fi\/en\/yhdistyksen-saannot\/\" data-type=\"page\" data-id=\"757\"><mark style=\"background-color:rgba(0, 0, 0, 0)\" class=\"has-inline-color has-vivid-cyan-blue-color\">t\u00e4\u00e4lt\u00e4<\/mark><\/a>.<\/li>\n<\/ul>\n<\/li>\n<\/ul>\n\n\n\n<ul class=\"wp-block-list\">\n<li>P\u00f6mpelin p\u00e4ivystykset&nbsp;<strong>kuukauden ensimm\u00e4inen keskiviikko kello 11:45-12:45&nbsp;<\/strong>Ylist\u00f6n kirjaston aulassa. Lis\u00e4tietoa<mark style=\"background-color:rgba(0, 0, 0, 0)\" class=\"has-inline-color has-pale-cyan-blue-color\">&nbsp;<\/mark><a href=\"https:\/\/www.radikaali.fi\/en\/?page_id=25\" data-type=\"page\" data-id=\"25\"><mark style=\"background-color:rgba(0, 0, 0, 0)\" class=\"has-inline-color has-vivid-cyan-blue-color\">tuotemyynnist\u00e4.<\/mark><\/a><\/li>\n\n\n\n<li>T\u00e4st\u00e4 l\u00f6ytyy Radikaalin <a href=\"https:\/\/docs.google.com\/forms\/d\/e\/1FAIpQLSe0_EtNAb5Fj019J1cr7gVJbz4ng6ji5lnSKCpZ7nC-lIob9g\/viewform\" data-type=\"link\" data-id=\"https:\/\/docs.google.com\/forms\/d\/e\/1FAIpQLSe0_EtNAb5Fj019J1cr7gVJbz4ng6ji5lnSKCpZ7nC-lIob9g\/viewform\"><mark style=\"background-color:rgba(0, 0, 0, 0)\" class=\"has-inline-color has-vivid-cyan-blue-color\">Sopo-Kopo-lomake<\/mark><\/a>.<\/li>\n<\/ul>\n\n\n\n<p>Radikaalin tapahtumakalenteri: <\/p>\n\n\n\n<iframe loading=\"lazy\" src=\"https:\/\/calendar.google.com\/calendar\/embed?height=600&#038;wkst=2&#038;bgcolor=%23ffffff&#038;ctz=Europe%2FHelsinki&#038;showTitle=1&#038;showNav=1&#038;showDate=1&#038;showPrint=0&#038;showTabs=1&#038;showCalendars=0&#038;showTz=0&#038;mode=MONTH&#038;src=YW9wZmg1bnBtMGI4YTV1djkzZmp2aXZwNzhAZ3JvdXAuY2FsZW5kYXIuZ29vZ2xlLmNvbQ&#038;color=%23D50000\" style=\"border-width:0\" width=\"790\" height=\"600\" frameborder=\"0\" scrolling=\"no\"><\/iframe>\n      <\/p>\n\n\n\n<p>Halutessasi voit lis\u00e4t\u00e4 tapahtumakalenterin omaan kalenteriisi <a href=\"https:\/\/calendar.google.com\/calendar\/ical\/aopfh5npm0b8a5uv93fjvivp78%40group.calendar.google.com\/public\/basic.ics\"><mark style=\"background-color:rgba(0, 0, 0, 0)\" class=\"has-inline-color has-vivid-cyan-blue-color\">iCal linkill\u00e4<\/mark><\/a>.<\/p>\n\n\n\n<p><\/p>\n\n\n\n<p><\/p>","protected":false},"excerpt":{"rendered":"<p>Ajankohtaista asiaa: Radikaalin tapahtumakalenteri: Halutessasi voit lis\u00e4t\u00e4 tapahtumakalenterin omaan kalenteriisi iCal linkill\u00e4.<\/p>","protected":false},"author":1,"featured_media":0,"parent":0,"menu_order":0,"comment_status":"closed","ping_status":"closed","template":"","meta":{"footnotes":""},"class_list":["post-16","page","type-page","status-publish","hentry"],"_links":{"self":[{"href":"https:\/\/www.radikaali.fi\/en\/wp-json\/wp\/v2\/pages\/16","targetHints":{"allow":["GET"]}}],"collection":[{"href":"https:\/\/www.radikaali.fi\/en\/wp-json\/wp\/v2\/pages"}],"about":[{"href":"https:\/\/www.radikaali.fi\/en\/wp-json\/wp\/v2\/types\/page"}],"author":[{"embeddable":true,"href":"https:\/\/www.radikaali.fi\/en\/wp-json\/wp\/v2\/users\/1"}],"replies":[{"embeddable":true,"href":"https:\/\/www.radikaali.fi\/en\/wp-json\/wp\/v2\/comments?post=16"}],"version-history":[{"count":9,"href":"https:\/\/www.radikaali.fi\/en\/wp-json\/wp\/v2\/pages\/16\/revisions"}],"predecessor-version":[{"id":954,"href":"https:\/\/www.radikaali.fi\/en\/wp-json\/wp\/v2\/pages\/16\/revisions\/954"}],"wp:attachment":[{"href":"https:\/\/www.radikaali.fi\/en\/wp-json\/wp\/v2\/media?parent=16"}],"curies":[{"name":"wp","href":"https:\/\/api.w.org\/{rel}","templated":true}]}}